{"id":1116,"date":"2026-03-06T20:28:33","date_gmt":"2026-03-06T19:28:33","guid":{"rendered":"https:\/\/modasantonia.es\/?post_type=product&#038;p=1116"},"modified":"2026-03-06T21:25:57","modified_gmt":"2026-03-06T20:25:57","slug":"camiseta-puntilla-cruzada","status":"publish","type":"product","link":"https:\/\/modasantonia.es\/ca\/producte\/camiseta-puntilla-cruzada\/","title":{"rendered":"camiseta puntilla cruzada"},"content":{"rendered":"<p>Blusa de corte amplio y ca\u00edda fluida que combina comodidad y estilo para el d\u00eda a d\u00eda. Su dise\u00f1o destaca por el delicado detalle de encaje en el bajo, que aporta un toque femenino y sofisticado. Una prenda vers\u00e1til, f\u00e1cil de combinar y perfecta para lograr looks c\u00f3modos con un aire elegante. Composici\u00f3n algod\u00f3n 100 %<\/p>","protected":false},"excerpt":{"rendered":"<p>Blusa de corte amplio y ca\u00edda fluida que combina comodidad y estilo para el d\u00eda a d\u00eda. Su dise\u00f1o destaca por el delicado detalle de encaje en el bajo, que aporta un toque femenino y sofisticado. Una prenda vers\u00e1til, f\u00e1cil de combinar y perfecta para lograr looks c\u00f3modos con un aire elegante. Composici\u00f3n algod\u00f3n 100 %<\/p>","protected":false},"featured_media":1118,"comment_status":"open","ping_status":"closed","template":"","meta":{"site-sidebar-layout":"default","site-content-layout":"","ast-site-content-layout":"default","site-content-style":"default","site-sidebar-style":"default","ast-global-header-display":"","ast-banner-title-visibility":"","ast-main-header-display":"","ast-hfb-above-header-display":"","ast-hfb-below-header-display":"","ast-hfb-mobile-header-display":"","site-post-title":"","ast-breadcrumbs-content":"","ast-featured-img":"","footer-sml-layout":"","theme-transparent-header-meta":"default","adv-header-id-meta":"","stick-header-meta":"","header-above-stick-meta":"","header-main-stick-meta":"","header-below-stick-meta":"","astra-migrate-meta-layouts":"set","ast-page-background-enabled":"default","ast-page-background-meta":{"desktop":{"background-color":"var(--ast-global-color-4)","background-image":"","background-repeat":"repeat","background-position":"center center","background-size":"auto","background-attachment":"scroll","background-type":"","background-media":"","overlay-type":"","overlay-color":"","overlay-opacity":"","overlay-gradient":""},"tablet":{"background-color":"","background-image":"","background-repeat":"repeat","background-position":"center center","background-size":"auto","background-attachment":"scroll","background-type":"","background-media":"","overlay-type":"","overlay-color":"","overlay-opacity":"","overlay-gradient":""},"mobile":{"background-color":"","background-image":"","background-repeat":"repeat","background-position":"center center","background-size":"auto","background-attachment":"scroll","background-type":"","background-media":"","overlay-type":"","overlay-color":"","overlay-opacity":"","overlay-gradient":""}},"ast-content-background-meta":{"desktop":{"background-color":"var(--ast-global-color-5)","background-image":"","background-repeat":"repeat","background-position":"center center","background-size":"auto","background-attachment":"scroll","background-type":"","background-media":"","overlay-type":"","overlay-color":"","overlay-opacity":"","overlay-gradient":""},"tablet":{"background-color":"var(--ast-global-color-5)","background-image":"","background-repeat":"repeat","background-position":"center center","background-size":"auto","background-attachment":"scroll","background-type":"","background-media":"","overlay-type":"","overlay-color":"","overlay-opacity":"","overlay-gradient":""},"mobile":{"background-color":"var(--ast-global-color-5)","background-image":"","background-repeat":"repeat","background-position":"center center","background-size":"auto","background-attachment":"scroll","background-type":"","background-media":"","overlay-type":"","overlay-color":"","overlay-opacity":"","overlay-gradient":""}}},"product_brand":[],"product_cat":[41],"product_tag":[],"class_list":{"0":"post-1116","1":"product","2":"type-product","3":"status-publish","4":"has-post-thumbnail","6":"product_cat-camisetas","7":"desktop-align-center","8":"tablet-align-center","9":"mobile-align-center","11":"first","12":"instock","13":"shipping-taxable","14":"purchasable","15":"product-type-variable"},"_links":{"self":[{"href":"https:\/\/modasantonia.es\/ca\/wp-json\/wp\/v2\/product\/1116","targetHints":{"allow":["GET"]}}],"collection":[{"href":"https:\/\/modasantonia.es\/ca\/wp-json\/wp\/v2\/product"}],"about":[{"href":"https:\/\/modasantonia.es\/ca\/wp-json\/wp\/v2\/types\/product"}],"replies":[{"embeddable":true,"href":"https:\/\/modasantonia.es\/ca\/wp-json\/wp\/v2\/comments?post=1116"}],"wp:featuredmedia":[{"embeddable":true,"href":"https:\/\/modasantonia.es\/ca\/wp-json\/wp\/v2\/media\/1118"}],"wp:attachment":[{"href":"https:\/\/modasantonia.es\/ca\/wp-json\/wp\/v2\/media?parent=1116"}],"wp:term":[{"taxonomy":"product_brand","embeddable":true,"href":"https:\/\/modasantonia.es\/ca\/wp-json\/wp\/v2\/product_brand?post=1116"},{"taxonomy":"product_cat","embeddable":true,"href":"https:\/\/modasantonia.es\/ca\/wp-json\/wp\/v2\/product_cat?post=1116"},{"taxonomy":"product_tag","embeddable":true,"href":"https:\/\/modasantonia.es\/ca\/wp-json\/wp\/v2\/product_tag?post=1116"}],"curies":[{"name":"wp","href":"https:\/\/api.w.org\/{rel}","templated":true}]}}