{"id":548,"date":"2024-11-12T16:32:23","date_gmt":"2024-11-12T16:32:23","guid":{"rendered":"https:\/\/modasantonia.w3bcn.es\/?page_id=548"},"modified":"2024-11-12T18:00:38","modified_gmt":"2024-11-12T18:00:38","slug":"quienes-somos","status":"publish","type":"page","link":"https:\/\/modasantonia.es\/ca\/quienes-somos\/","title":{"rendered":"Qui Som"},"content":{"rendered":"<div data-elementor-type=\"wp-page\" data-elementor-id=\"548\" class=\"elementor elementor-548\" data-elementor-post-type=\"page\">\n\t\t\t\t<div data-particle_enable=\"false\" data-particle-mobile-disabled=\"false\" class=\"elementor-element elementor-element-576916f e-flex e-con-boxed e-con e-parent\" data-id=\"576916f\" data-element_type=\"container\" data-settings=\"{&quot;background_background&quot;:&quot;classic&quot;}\">\n\t\t\t\t\t<div class=\"e-con-inner\">\n\t\t<div data-particle_enable=\"false\" data-particle-mobile-disabled=\"false\" class=\"elementor-element elementor-element-9dbd73e e-con-full e-flex e-con e-child\" data-id=\"9dbd73e\" data-element_type=\"container\">\n\t\t\t\t<div class=\"elementor-element elementor-element-b4ad8cf elementor-widget elementor-widget-heading\" data-id=\"b4ad8cf\" data-element_type=\"widget\" data-widget_type=\"heading.default\">\n\t\t\t\t<div class=\"elementor-widget-container\">\n\t\t\t\t\t<h1 class=\"elementor-heading-title elementor-size-default\">Que Estem en les Modes Antonia<\/h1>\t\t\t\t<\/div>\n\t\t\t\t<\/div>\n\t\t\t\t<\/div>\n\t\t\t\t\t<\/div>\n\t\t\t\t<\/div>\n\t\t<div data-particle_enable=\"false\" data-particle-mobile-disabled=\"false\" class=\"elementor-element elementor-element-5898f86 e-flex e-con-boxed e-con e-parent\" data-id=\"5898f86\" data-element_type=\"container\">\n\t\t\t\t\t<div class=\"e-con-inner\">\n\t\t<div data-particle_enable=\"false\" data-particle-mobile-disabled=\"false\" class=\"elementor-element elementor-element-a471c7a e-con-full e-flex e-con e-child\" data-id=\"a471c7a\" data-element_type=\"container\">\n\t\t\t\t<div class=\"elementor-element elementor-element-602b490 elementor-widget elementor-widget-heading\" data-id=\"602b490\" data-element_type=\"widget\" data-widget_type=\"heading.default\">\n\t\t\t\t<div class=\"elementor-widget-container\">\n\t\t\t\t\t<h2 class=\"elementor-heading-title elementor-size-default\">La nostra Hist\u00f2ria: la Moda amb la Passi\u00f3 i la Finalitat<\/h2>\t\t\t\t<\/div>\n\t\t\t\t<\/div>\n\t\t\t\t<\/div>\n\t\t<div data-particle_enable=\"false\" data-particle-mobile-disabled=\"false\" class=\"elementor-element elementor-element-3f51f8d e-con-full e-flex e-con e-child\" data-id=\"3f51f8d\" data-element_type=\"container\">\n\t\t\t\t<div class=\"elementor-element elementor-element-310a9d8 elementor-widget elementor-widget-heading\" data-id=\"310a9d8\" data-element_type=\"widget\" data-widget_type=\"heading.default\">\n\t\t\t\t<div class=\"elementor-widget-container\">\n\t\t\t\t\t<h6 class=\"elementor-heading-title elementor-size-default\">Hist\u00f2ria de la Moda Antonia<\/h6>\t\t\t\t<\/div>\n\t\t\t\t<\/div>\n\t\t\t\t<div class=\"elementor-element elementor-element-9bfd3ac elementor-widget elementor-widget-image-box\" data-id=\"9bfd3ac\" data-element_type=\"widget\" data-widget_type=\"image-box.default\">\n\t\t\t\t<div class=\"elementor-widget-container\">\n\t\t\t\t\t<div class=\"elementor-image-box-wrapper\"><div class=\"elementor-image-box-content\"><h5 class=\"elementor-image-box-title\">El que va comen\u00e7ar com un somni de la fam\u00edlia en els mercats de Barcelona \u00e9s avui un lloc de refer\u00e8ncia per a la moda accessible i aut\u00e8ntic.<\/h5><p class=\"elementor-image-box-description\">Vam comen\u00e7ar la nostra aventura en 2007 com un petit negoci familiar, amb la visi\u00f3 de ser molt m\u00e9s que una botiga de roba. Hem volgut ser part de la vida dels nostres clients, oferint moda que reflecteix el seu estil personal. Vam comen\u00e7ar amb una simple parada a la encants de Barcelona, i amb esfor\u00e7 i dedicaci\u00f3, hem crescut i apr\u00e8s per apropar als nostres clients la roba que ressaltar la teva bellesa i personalitat.\n\n<\/p><\/div><\/div>\t\t\t\t<\/div>\n\t\t\t\t<\/div>\n\t\t\t\t<\/div>\n\t\t<div data-particle_enable=\"false\" data-particle-mobile-disabled=\"false\" class=\"elementor-element elementor-element-e92d08f e-con-full e-flex e-con e-child\" data-id=\"e92d08f\" data-element_type=\"container\">\n\t\t\t\t<div class=\"elementor-element elementor-element-db4cc49 elementor-widget elementor-widget-heading\" data-id=\"db4cc49\" data-element_type=\"widget\" data-widget_type=\"heading.default\">\n\t\t\t\t<div class=\"elementor-widget-container\">\n\t\t\t\t\t<h6 class=\"elementor-heading-title elementor-size-default\">Qualitat Assegurada<\/h6>\t\t\t\t<\/div>\n\t\t\t\t<\/div>\n\t\t\t\t<div class=\"elementor-element elementor-element-fcc7a1f elementor-widget elementor-widget-image-box\" data-id=\"fcc7a1f\" data-element_type=\"widget\" data-widget_type=\"image-box.default\">\n\t\t\t\t<div class=\"elementor-widget-container\">\n\t\t\t\t\t<div class=\"elementor-image-box-wrapper\"><div class=\"elementor-image-box-content\"><h2 class=\"elementor-image-box-title\">En Moda Antonia agrada la moda i creiem que cada dona es mereix la qualitat de les peces que reflecteixen el seu estil \u00fanic.<\/h2><p class=\"elementor-image-box-description\">Des de la nostra creaci\u00f3, ens comprometem a oferir a les dones de roba que combinen la tend\u00e8ncia, confort i un toc especial a cada disseny. Com una empresa familiar, sabem que cada client \u00e9s \u00fanic, que \u00e9s per qu\u00e8 hem d&#039;escollir les peces de roba que real\u00e7ar la seva bellesa natural i s&#039;adapti als teus gustos i necessitats. Estem orgullosos d&#039;oferir a la moda -, accessible, integradora i pensat per a tots vosaltres a trobar el seu ideal d&#039;estil en cada col\u00b7lecci\u00f3.<\/p><\/div><\/div>\t\t\t\t<\/div>\n\t\t\t\t<\/div>\n\t\t\t\t<\/div>\n\t\t\t\t\t<\/div>\n\t\t\t\t<\/div>\n\t\t<div data-particle_enable=\"false\" data-particle-mobile-disabled=\"false\" class=\"elementor-element elementor-element-bdafa3c e-flex e-con-boxed e-con e-parent\" data-id=\"bdafa3c\" data-element_type=\"container\" data-settings=\"{&quot;background_background&quot;:&quot;classic&quot;}\">\n\t\t\t\t\t<div class=\"e-con-inner\">\n\t\t<div data-particle_enable=\"false\" data-particle-mobile-disabled=\"false\" class=\"elementor-element elementor-element-f643276 e-con-full e-flex e-con e-child\" data-id=\"f643276\" data-element_type=\"container\">\n\t\t\t\t<div class=\"elementor-element elementor-element-3f174b6 elementor-widget elementor-widget-heading\" data-id=\"3f174b6\" data-element_type=\"widget\" data-widget_type=\"heading.default\">\n\t\t\t\t<div class=\"elementor-widget-container\">\n\t\t\t\t\t<h6 class=\"elementor-heading-title elementor-size-default\">All\u00f2 que ens defineix?<\/h6>\t\t\t\t<\/div>\n\t\t\t\t<\/div>\n\t\t\t\t<div class=\"elementor-element elementor-element-1cf2f8a elementor-widget elementor-widget-image-box\" data-id=\"1cf2f8a\" data-element_type=\"widget\" data-widget_type=\"image-box.default\">\n\t\t\t\t<div class=\"elementor-widget-container\">\n\t\t\t\t\t<div class=\"elementor-image-box-wrapper\"><div class=\"elementor-image-box-content\"><h2 class=\"elementor-image-box-title\">La fam\u00edlia, la Moda i Estil<\/h2><p class=\"elementor-image-box-description\">All\u00f2 que ens defineix no \u00e9s nom\u00e9s una moda, sin\u00f3 de la nostra manera d&#039;entendre-la. Ens preocupem de l&#039;autenticitat, proximitat i comprom\u00eds amb els nostres clients, que sabem valorar com a molt l&#039;atenci\u00f3 com el producte. Per aquest motiu, continuem amb la mateixa il\u00b7lusi\u00f3 del primer dia, buscant els millors dissenys a preus assequibles i accesori\u00e1ndonos de l&#039;experi\u00e8ncia per a la millora cont\u00ednua.\n<br>\n<br>\nEl nostre equip s&#039;esfor\u00e7a cada dia per oferir peces de roba que fer-los sentir especials de cada dona, amb una moda style que combina estil i confort. Al final, a la Moda Antonia som molt m\u00e9s que una botiga; som una fam\u00edlia que comparteix amb tu una mica de la nostra hist\u00f2ria en cada pe\u00e7a.\n\n\n<\/p><\/div><\/div>\t\t\t\t<\/div>\n\t\t\t\t<\/div>\n\t\t\t\t<\/div>\n\t\t\t\t<div class=\"elementor-element elementor-element-7360fc2 elementor-widget elementor-widget-button\" data-id=\"7360fc2\" data-element_type=\"widget\" data-widget_type=\"button.default\">\n\t\t\t\t<div class=\"elementor-widget-container\">\n\t\t\t\t\t\t\t\t\t<div class=\"elementor-button-wrapper\">\n\t\t\t\t\t<a class=\"elementor-button elementor-button-link elementor-size-sm\" href=\"#\">\n\t\t\t\t\t\t<span class=\"elementor-button-content-wrapper\">\n\t\t\t\t\t\t\t\t\t<span class=\"elementor-button-text\">V\u00e9s a la botiga<\/span>\n\t\t\t\t\t<\/span>\n\t\t\t\t\t<\/a>\n\t\t\t\t<\/div>\n\t\t\t\t\t\t\t\t<\/div>\n\t\t\t\t<\/div>\n\t\t\t\t\t<\/div>\n\t\t\t\t<\/div>\n\t\t<div data-particle_enable=\"false\" data-particle-mobile-disabled=\"false\" class=\"elementor-element elementor-element-0630b1e e-flex e-con-boxed e-con e-parent\" data-id=\"0630b1e\" data-element_type=\"container\">\n\t\t\t\t\t<div class=\"e-con-inner\">\n\t\t<div data-particle_enable=\"false\" data-particle-mobile-disabled=\"false\" class=\"elementor-element elementor-element-8f65fb9 e-con-full e-flex e-con e-child\" data-id=\"8f65fb9\" data-element_type=\"container\">\n\t\t\t\t<div class=\"elementor-element elementor-element-1c16a3a elementor-widget elementor-widget-heading\" data-id=\"1c16a3a\" data-element_type=\"widget\" data-widget_type=\"heading.default\">\n\t\t\t\t<div class=\"elementor-widget-container\">\n\t\t\t\t\t<h6 class=\"elementor-heading-title elementor-size-default\">L&#039;Ess\u00e8ncia de la Moda Antonia<\/h6>\t\t\t\t<\/div>\n\t\t\t\t<\/div>\n\t\t\t\t<div class=\"elementor-element elementor-element-005576a elementor-widget elementor-widget-heading\" data-id=\"005576a\" data-element_type=\"widget\" data-widget_type=\"heading.default\">\n\t\t\t\t<div class=\"elementor-widget-container\">\n\t\t\t\t\t<h2 class=\"elementor-heading-title elementor-size-default\">Els Nostres Valors<\/h2>\t\t\t\t<\/div>\n\t\t\t\t<\/div>\n\t\t\t\t<\/div>\n\t\t<div data-particle_enable=\"false\" data-particle-mobile-disabled=\"false\" class=\"elementor-element elementor-element-eead996 e-con-full e-flex e-con e-child\" data-id=\"eead996\" data-element_type=\"container\">\n\t\t\t\t<div class=\"elementor-element elementor-element-79fd198 elementor-widget__width-initial elementor-widget elementor-widget-text-editor\" data-id=\"79fd198\" data-element_type=\"widget\" data-widget_type=\"text-editor.default\">\n\t\t\t\t<div class=\"elementor-widget-container\">\n\t\t\t\t\t\t\t\t\t<p>En Moda Antonia, els nostres valors s\u00f3n un reflex de la nostra passi\u00f3 i el comprom\u00eds amb els nostres clients. Des del primer dia, hem treballat per ser m\u00e9s que una botiga de roba. Creiem que la qualitat, l&#039;accessibilitat i la inclusi\u00f3 s\u00f3n essencials per a proporcionar una aut\u00e8ntica experi\u00e8ncia i \u00fanic.<\/p>\t\t\t\t\t\t\t\t<\/div>\n\t\t\t\t<\/div>\n\t\t\t\t<\/div>\n\t\t<div data-particle_enable=\"false\" data-particle-mobile-disabled=\"false\" class=\"elementor-element elementor-element-36dea89 e-con-full e-flex e-con e-child\" data-id=\"36dea89\" data-element_type=\"container\">\n\t\t<div data-particle_enable=\"false\" data-particle-mobile-disabled=\"false\" class=\"elementor-element elementor-element-12f39c3 e-con-full e-flex e-con e-child\" data-id=\"12f39c3\" data-element_type=\"container\" data-settings=\"{&quot;background_background&quot;:&quot;classic&quot;}\">\n\t\t\t\t<div class=\"elementor-element elementor-element-bfbf412 elementor-widget elementor-widget-image\" data-id=\"bfbf412\" data-element_type=\"widget\" data-widget_type=\"image.default\">\n\t\t\t\t<div class=\"elementor-widget-container\">\n\t\t\t\t\t\t\t\t\t\t\t\t\t\t\t<img decoding=\"async\" width=\"128\" height=\"128\" src=\"https:\/\/modasantonia.es\/wp-content\/uploads\/2024\/11\/trustworthiness-1.png\" class=\"attachment-large size-large wp-image-590\" alt=\"\" srcset=\"https:\/\/modasantonia.es\/wp-content\/uploads\/2024\/11\/trustworthiness-1.png 128w, https:\/\/modasantonia.es\/wp-content\/uploads\/2024\/11\/trustworthiness-1-100x100.png 100w\" sizes=\"(max-width: 128px) 100vw, 128px\" \/>\t\t\t\t\t\t\t\t\t\t\t\t\t\t\t<\/div>\n\t\t\t\t<\/div>\n\t\t\t\t<div class=\"elementor-element elementor-element-36fad46 elementor-widget elementor-widget-heading\" data-id=\"36fad46\" data-element_type=\"widget\" data-widget_type=\"heading.default\">\n\t\t\t\t<div class=\"elementor-widget-container\">\n\t\t\t\t\t<h5 class=\"elementor-heading-title elementor-size-default\">Proximitat i Atenci\u00f3 personalitzada<\/h5>\t\t\t\t<\/div>\n\t\t\t\t<\/div>\n\t\t\t\t<div class=\"elementor-element elementor-element-73a2741 elementor-widget__width-initial elementor-widget elementor-widget-heading\" data-id=\"73a2741\" data-element_type=\"widget\" data-widget_type=\"heading.default\">\n\t\t\t\t<div class=\"elementor-widget-container\">\n\t\t\t\t\t<p class=\"elementor-heading-title elementor-size-default\">Ens agrada con\u00e8ixer els nostres clients, per saber el que est\u00e0s buscant, i fer-los sentir benvingut. En cada compra, i en cada consulta, estem aqu\u00ed per escoltar i atenci\u00f3 propera i simp\u00e0tica.<\/p>\t\t\t\t<\/div>\n\t\t\t\t<\/div>\n\t\t\t\t<\/div>\n\t\t<div data-particle_enable=\"false\" data-particle-mobile-disabled=\"false\" class=\"elementor-element elementor-element-be92310 e-con-full e-flex e-con e-child\" data-id=\"be92310\" data-element_type=\"container\" data-settings=\"{&quot;background_background&quot;:&quot;classic&quot;}\">\n\t\t\t\t<div class=\"elementor-element elementor-element-9feaf2e elementor-widget elementor-widget-image\" data-id=\"9feaf2e\" data-element_type=\"widget\" data-widget_type=\"image.default\">\n\t\t\t\t<div class=\"elementor-widget-container\">\n\t\t\t\t\t\t\t\t\t\t\t\t\t\t\t<img decoding=\"async\" width=\"128\" height=\"128\" src=\"https:\/\/modasantonia.es\/wp-content\/uploads\/2024\/11\/quality.png\" class=\"attachment-large size-large wp-image-592\" alt=\"\" srcset=\"https:\/\/modasantonia.es\/wp-content\/uploads\/2024\/11\/quality.png 128w, https:\/\/modasantonia.es\/wp-content\/uploads\/2024\/11\/quality-100x100.png 100w\" sizes=\"(max-width: 128px) 100vw, 128px\" \/>\t\t\t\t\t\t\t\t\t\t\t\t\t\t\t<\/div>\n\t\t\t\t<\/div>\n\t\t\t\t<div class=\"elementor-element elementor-element-9f5f397 elementor-widget elementor-widget-heading\" data-id=\"9f5f397\" data-element_type=\"widget\" data-widget_type=\"heading.default\">\n\t\t\t\t<div class=\"elementor-widget-container\">\n\t\t\t\t\t<h5 class=\"elementor-heading-title elementor-size-default\">Qualitat i Accessibilitat<\/h5>\t\t\t\t<\/div>\n\t\t\t\t<\/div>\n\t\t\t\t<div class=\"elementor-element elementor-element-a94ca95 elementor-widget__width-initial elementor-widget elementor-widget-heading\" data-id=\"a94ca95\" data-element_type=\"widget\" data-widget_type=\"heading.default\">\n\t\t\t\t<div class=\"elementor-widget-container\">\n\t\t\t\t\t<p class=\"elementor-heading-title elementor-size-default\">Creiem que la moda ha de ser assequible i d&#039;alta qualitat. Seleccionem cada pe\u00e7a amb molta cura per oferir durador dissenys i preus justos.<\/p>\t\t\t\t<\/div>\n\t\t\t\t<\/div>\n\t\t\t\t<\/div>\n\t\t<div data-particle_enable=\"false\" data-particle-mobile-disabled=\"false\" class=\"elementor-element elementor-element-ad0d51f e-con-full e-flex e-con e-child\" data-id=\"ad0d51f\" data-element_type=\"container\" data-settings=\"{&quot;background_background&quot;:&quot;classic&quot;}\">\n\t\t\t\t<div class=\"elementor-element elementor-element-c382f32 elementor-widget elementor-widget-image\" data-id=\"c382f32\" data-element_type=\"widget\" data-widget_type=\"image.default\">\n\t\t\t\t<div class=\"elementor-widget-container\">\n\t\t\t\t\t\t\t\t\t\t\t\t\t\t\t<img decoding=\"async\" width=\"128\" height=\"128\" src=\"https:\/\/modasantonia.es\/wp-content\/uploads\/2024\/11\/no-racism.png\" class=\"attachment-large size-large wp-image-591\" alt=\"\" srcset=\"https:\/\/modasantonia.es\/wp-content\/uploads\/2024\/11\/no-racism.png 128w, https:\/\/modasantonia.es\/wp-content\/uploads\/2024\/11\/no-racism-100x100.png 100w\" sizes=\"(max-width: 128px) 100vw, 128px\" \/>\t\t\t\t\t\t\t\t\t\t\t\t\t\t\t<\/div>\n\t\t\t\t<\/div>\n\t\t\t\t<div class=\"elementor-element elementor-element-f882fb2 elementor-widget elementor-widget-heading\" data-id=\"f882fb2\" data-element_type=\"widget\" data-widget_type=\"heading.default\">\n\t\t\t\t<div class=\"elementor-widget-container\">\n\t\t\t\t\t<h5 class=\"elementor-heading-title elementor-size-default\">Inclusi\u00f3 i Versatilitat<\/h5>\t\t\t\t<\/div>\n\t\t\t\t<\/div>\n\t\t\t\t<div class=\"elementor-element elementor-element-06d7967 elementor-widget__width-initial elementor-widget elementor-widget-heading\" data-id=\"06d7967\" data-element_type=\"widget\" data-widget_type=\"heading.default\">\n\t\t\t\t<div class=\"elementor-widget-container\">\n\t\t\t\t\t<p class=\"elementor-heading-title elementor-size-default\">Vam celebrar la diversitat i li asseguro que tots els que es troba alguna cosa en la Moda Antonia que fer-los sentir-se \u00fanic. Les nostres col\u00b7leccions inclouen una gran varietat de mides i estils que s&#039;adapten a les diferents gustos, les entitats i els moments.<\/p>\t\t\t\t<\/div>\n\t\t\t\t<\/div>\n\t\t\t\t<\/div>\n\t\t\t\t<\/div>\n\t\t\t\t\t<\/div>\n\t\t\t\t<\/div>\n\t\t\t\t<\/div>","protected":false},"excerpt":{"rendered":"<p>Qui\u00e9nes Somos en Modas Antonia Nuestra Historia: Moda con Pasi\u00f3n y Prop\u00f3sito Historia de Modas Antonia Lo que comenz\u00f3 como [&hellip;]<\/p>","protected":false},"author":1,"featured_media":0,"parent":0,"menu_order":3,"comment_status":"closed","ping_status":"closed","template":"","meta":{"site-sidebar-layout":"no-sidebar","site-content-layout":"","ast-site-content-layout":"full-width-container","site-content-style":"default","site-sidebar-style":"default","ast-global-header-display":"","ast-banner-title-visibility":"","ast-main-header-display":"","ast-hfb-above-header-display":"","ast-hfb-below-header-display":"","ast-hfb-mobile-header-display":"","site-post-title":"disabled","ast-breadcrumbs-content":"","ast-featured-img":"disabled","footer-sml-layout":"","theme-transparent-header-meta":"enabled","adv-header-id-meta":"","stick-header-meta":"","header-above-stick-meta":"","header-main-stick-meta":"","header-below-stick-meta":"","astra-migrate-meta-layouts":"default","ast-page-background-enabled":"default","ast-page-background-meta":{"desktop":{"background-color":"var(--ast-global-color-4)","background-image":"","background-repeat":"repeat","background-position":"center center","background-size":"auto","background-attachment":"scroll","background-type":"","background-media":"","overlay-type":"","overlay-color":"","overlay-opacity":"","overlay-gradient":""},"tablet":{"background-color":"","background-image":"","background-repeat":"repeat","background-position":"center center","background-size":"auto","background-attachment":"scroll","background-type":"","background-media":"","overlay-type":"","overlay-color":"","overlay-opacity":"","overlay-gradient":""},"mobile":{"background-color":"","background-image":"","background-repeat":"repeat","background-position":"center center","background-size":"auto","background-attachment":"scroll","background-type":"","background-media":"","overlay-type":"","overlay-color":"","overlay-opacity":"","overlay-gradient":""}},"ast-content-background-meta":{"desktop":{"background-color":"var(--ast-global-color-5)","background-image":"","background-repeat":"repeat","background-position":"center center","background-size":"auto","background-attachment":"scroll","background-type":"","background-media":"","overlay-type":"","overlay-color":"","overlay-opacity":"","overlay-gradient":""},"tablet":{"background-color":"var(--ast-global-color-5)","background-image":"","background-repeat":"repeat","background-position":"center center","background-size":"auto","background-attachment":"scroll","background-type":"","background-media":"","overlay-type":"","overlay-color":"","overlay-opacity":"","overlay-gradient":""},"mobile":{"background-color":"var(--ast-global-color-5)","background-image":"","background-repeat":"repeat","background-position":"center center","background-size":"auto","background-attachment":"scroll","background-type":"","background-media":"","overlay-type":"","overlay-color":"","overlay-opacity":"","overlay-gradient":""}},"footnotes":""},"class_list":["post-548","page","type-page","status-publish","hentry"],"_links":{"self":[{"href":"https:\/\/modasantonia.es\/ca\/wp-json\/wp\/v2\/pages\/548","targetHints":{"allow":["GET"]}}],"collection":[{"href":"https:\/\/modasantonia.es\/ca\/wp-json\/wp\/v2\/pages"}],"about":[{"href":"https:\/\/modasantonia.es\/ca\/wp-json\/wp\/v2\/types\/page"}],"author":[{"embeddable":true,"href":"https:\/\/modasantonia.es\/ca\/wp-json\/wp\/v2\/users\/1"}],"replies":[{"embeddable":true,"href":"https:\/\/modasantonia.es\/ca\/wp-json\/wp\/v2\/comments?post=548"}],"version-history":[{"count":4,"href":"https:\/\/modasantonia.es\/ca\/wp-json\/wp\/v2\/pages\/548\/revisions"}],"predecessor-version":[{"id":595,"href":"https:\/\/modasantonia.es\/ca\/wp-json\/wp\/v2\/pages\/548\/revisions\/595"}],"wp:attachment":[{"href":"https:\/\/modasantonia.es\/ca\/wp-json\/wp\/v2\/media?parent=548"}],"curies":[{"name":"wp","href":"https:\/\/api.w.org\/{rel}","templated":true}]}}