{"id":1078,"date":"2026-02-13T13:15:49","date_gmt":"2026-02-13T12:15:49","guid":{"rendered":"https:\/\/modasantonia.es\/?page_id=1078"},"modified":"2026-02-13T13:15:49","modified_gmt":"2026-02-13T12:15:49","slug":"envios-privacidad-y-proteccion-de-datos","status":"publish","type":"page","link":"https:\/\/modasantonia.es\/ca\/envios-privacidad-y-proteccion-de-datos\/","title":{"rendered":"Env\u00edos, privacidad y protecci\u00f3n de datos"},"content":{"rendered":"<p><strong>Env\u00edos<\/strong><\/p><p>Realizamos env\u00edos dentro del territorio nacional. Los plazos de entrega son orientativos y pueden variar en funci\u00f3n de la disponibilidad del producto o incidencias log\u00edsticas.<\/p><p>Los gastos de env\u00edo se indicar\u00e1n claramente antes de finalizar la compra.<\/p><p><strong>Privacidad y protecci\u00f3n de datos<\/strong><\/p><p>En cumplimiento del Reglamento (UE) 2016\/679 (RGPD) y la normativa espa\u00f1ola vigente, se informa:<\/p><p><strong><em>Responsable del tratamiento de datos:<br><\/em><\/strong>El\u00edas Beltr\u00e1n Amador<br>DNI: 53337536F<\/p><p>Los datos personales facilitados por los usuarios ser\u00e1n utilizados exclusivamente para:<\/p><p>Gesti\u00f3n de pedidos<\/p><p>Atenci\u00f3n al cliente<\/p><p>Cumplimiento de obligaciones legales<\/p><p>No se ceder\u00e1n datos a terceros salvo obligaci\u00f3n legal.<\/p><p>El usuario podr\u00e1 ejercer sus derechos de acceso, rectificaci\u00f3n, supresi\u00f3n o limitaci\u00f3n del tratamiento mediante solicitud por correo electr\u00f3nico, acreditando su identidad.<\/p>","protected":false},"excerpt":{"rendered":"<p>Env\u00edos Realizamos env\u00edos dentro del territorio nacional. Los plazos de entrega son orientativos y pueden variar en funci\u00f3n de la [&hellip;]<\/p>","protected":false},"author":1,"featured_media":0,"parent":0,"menu_order":0,"comment_status":"closed","ping_status":"closed","template":"","meta":{"site-sidebar-layout":"default","site-content-layout":"","ast-site-content-layout":"","site-content-style":"default","site-sidebar-style":"default","ast-global-header-display":"","ast-banner-title-visibility":"","ast-main-header-display":"","ast-hfb-above-header-display":"","ast-hfb-below-header-display":"","ast-hfb-mobile-header-display":"","site-post-title":"","ast-breadcrumbs-content":"","ast-featured-img":"","footer-sml-layout":"","theme-transparent-header-meta":"","adv-header-id-meta":"","stick-header-meta":"","header-above-stick-meta":"","header-main-stick-meta":"","header-below-stick-meta":"","astra-migrate-meta-layouts":"default","ast-page-background-enabled":"default","ast-page-background-meta":{"desktop":{"background-color":"var(--ast-global-color-4)","background-image":"","background-repeat":"repeat","background-position":"center center","background-size":"auto","background-attachment":"scroll","background-type":"","background-media":"","overlay-type":"","overlay-color":"","overlay-opacity":"","overlay-gradient":""},"tablet":{"background-color":"","background-image":"","background-repeat":"repeat","background-position":"center center","background-size":"auto","background-attachment":"scroll","background-type":"","background-media":"","overlay-type":"","overlay-color":"","overlay-opacity":"","overlay-gradient":""},"mobile":{"background-color":"","background-image":"","background-repeat":"repeat","background-position":"center center","background-size":"auto","background-attachment":"scroll","background-type":"","background-media":"","overlay-type":"","overlay-color":"","overlay-opacity":"","overlay-gradient":""}},"ast-content-background-meta":{"desktop":{"background-color":"var(--ast-global-color-5)","background-image":"","background-repeat":"repeat","background-position":"center center","background-size":"auto","background-attachment":"scroll","background-type":"","background-media":"","overlay-type":"","overlay-color":"","overlay-opacity":"","overlay-gradient":""},"tablet":{"background-color":"var(--ast-global-color-5)","background-image":"","background-repeat":"repeat","background-position":"center center","background-size":"auto","background-attachment":"scroll","background-type":"","background-media":"","overlay-type":"","overlay-color":"","overlay-opacity":"","overlay-gradient":""},"mobile":{"background-color":"var(--ast-global-color-5)","background-image":"","background-repeat":"repeat","background-position":"center center","background-size":"auto","background-attachment":"scroll","background-type":"","background-media":"","overlay-type":"","overlay-color":"","overlay-opacity":"","overlay-gradient":""}},"footnotes":""},"class_list":["post-1078","page","type-page","status-publish","hentry"],"_links":{"self":[{"href":"https:\/\/modasantonia.es\/ca\/wp-json\/wp\/v2\/pages\/1078","targetHints":{"allow":["GET"]}}],"collection":[{"href":"https:\/\/modasantonia.es\/ca\/wp-json\/wp\/v2\/pages"}],"about":[{"href":"https:\/\/modasantonia.es\/ca\/wp-json\/wp\/v2\/types\/page"}],"author":[{"embeddable":true,"href":"https:\/\/modasantonia.es\/ca\/wp-json\/wp\/v2\/users\/1"}],"replies":[{"embeddable":true,"href":"https:\/\/modasantonia.es\/ca\/wp-json\/wp\/v2\/comments?post=1078"}],"version-history":[{"count":1,"href":"https:\/\/modasantonia.es\/ca\/wp-json\/wp\/v2\/pages\/1078\/revisions"}],"predecessor-version":[{"id":1079,"href":"https:\/\/modasantonia.es\/ca\/wp-json\/wp\/v2\/pages\/1078\/revisions\/1079"}],"wp:attachment":[{"href":"https:\/\/modasantonia.es\/ca\/wp-json\/wp\/v2\/media?parent=1078"}],"curies":[{"name":"wp","href":"https:\/\/api.w.org\/{rel}","templated":true}]}}