{"id":1074,"date":"2026-02-13T13:01:33","date_gmt":"2026-02-13T12:01:33","guid":{"rendered":"https:\/\/modasantonia.es\/?page_id=1074"},"modified":"2026-02-13T13:01:33","modified_gmt":"2026-02-13T12:01:33","slug":"cancelacion-de-pedidos","status":"publish","type":"page","link":"https:\/\/modasantonia.es\/ca\/cancelacion-de-pedidos\/","title":{"rendered":"Cancelaci\u00f3n de pedidos"},"content":{"rendered":"<p>En <strong>Moda Antonia<\/strong> el cliente podr\u00e1 solicitar la cancelaci\u00f3n de un pedido siempre que este no haya sido enviado.<\/p><p>Si deseas cancelar tu pedido, deber\u00e1s ponerte en contacto con nosotros lo antes posible a trav\u00e9s de nuestro correo electr\u00f3nico de atenci\u00f3n al cliente, indicando:<\/p><ul class=\"wp-block-list\"><li>N\u00famero de pedido<\/li>\n\n<li>Nombre completo<\/li>\n\n<li>Motivo de la cancelaci\u00f3n (opcional)<\/li><\/ul><p>Si el pedido a\u00fan no ha sido procesado para su env\u00edo, procederemos a su cancelaci\u00f3n sin coste alguno.<\/p><p>En caso de que el pedido ya haya sido enviado, el cliente deber\u00e1 tramitarlo como una devoluci\u00f3n una vez recibido.<\/p><p><\/p>","protected":false},"excerpt":{"rendered":"<p>En Modas Antonia el cliente podr\u00e1 solicitar la cancelaci\u00f3n de un pedido siempre que este no haya sido enviado. Si [&hellip;]<\/p>","protected":false},"author":1,"featured_media":0,"parent":0,"menu_order":0,"comment_status":"closed","ping_status":"closed","template":"","meta":{"site-sidebar-layout":"default","site-content-layout":"","ast-site-content-layout":"","site-content-style":"default","site-sidebar-style":"default","ast-global-header-display":"","ast-banner-title-visibility":"","ast-main-header-display":"","ast-hfb-above-header-display":"","ast-hfb-below-header-display":"","ast-hfb-mobile-header-display":"","site-post-title":"","ast-breadcrumbs-content":"","ast-featured-img":"","footer-sml-layout":"","theme-transparent-header-meta":"","adv-header-id-meta":"","stick-header-meta":"","header-above-stick-meta":"","header-main-stick-meta":"","header-below-stick-meta":"","astra-migrate-meta-layouts":"default","ast-page-background-enabled":"default","ast-page-background-meta":{"desktop":{"background-color":"var(--ast-global-color-4)","background-image":"","background-repeat":"repeat","background-position":"center center","background-size":"auto","background-attachment":"scroll","background-type":"","background-media":"","overlay-type":"","overlay-color":"","overlay-opacity":"","overlay-gradient":""},"tablet":{"background-color":"","background-image":"","background-repeat":"repeat","background-position":"center center","background-size":"auto","background-attachment":"scroll","background-type":"","background-media":"","overlay-type":"","overlay-color":"","overlay-opacity":"","overlay-gradient":""},"mobile":{"background-color":"","background-image":"","background-repeat":"repeat","background-position":"center center","background-size":"auto","background-attachment":"scroll","background-type":"","background-media":"","overlay-type":"","overlay-color":"","overlay-opacity":"","overlay-gradient":""}},"ast-content-background-meta":{"desktop":{"background-color":"var(--ast-global-color-5)","background-image":"","background-repeat":"repeat","background-position":"center center","background-size":"auto","background-attachment":"scroll","background-type":"","background-media":"","overlay-type":"","overlay-color":"","overlay-opacity":"","overlay-gradient":""},"tablet":{"background-color":"var(--ast-global-color-5)","background-image":"","background-repeat":"repeat","background-position":"center center","background-size":"auto","background-attachment":"scroll","background-type":"","background-media":"","overlay-type":"","overlay-color":"","overlay-opacity":"","overlay-gradient":""},"mobile":{"background-color":"var(--ast-global-color-5)","background-image":"","background-repeat":"repeat","background-position":"center center","background-size":"auto","background-attachment":"scroll","background-type":"","background-media":"","overlay-type":"","overlay-color":"","overlay-opacity":"","overlay-gradient":""}},"footnotes":""},"class_list":["post-1074","page","type-page","status-publish","hentry"],"_links":{"self":[{"href":"https:\/\/modasantonia.es\/ca\/wp-json\/wp\/v2\/pages\/1074","targetHints":{"allow":["GET"]}}],"collection":[{"href":"https:\/\/modasantonia.es\/ca\/wp-json\/wp\/v2\/pages"}],"about":[{"href":"https:\/\/modasantonia.es\/ca\/wp-json\/wp\/v2\/types\/page"}],"author":[{"embeddable":true,"href":"https:\/\/modasantonia.es\/ca\/wp-json\/wp\/v2\/users\/1"}],"replies":[{"embeddable":true,"href":"https:\/\/modasantonia.es\/ca\/wp-json\/wp\/v2\/comments?post=1074"}],"version-history":[{"count":1,"href":"https:\/\/modasantonia.es\/ca\/wp-json\/wp\/v2\/pages\/1074\/revisions"}],"predecessor-version":[{"id":1075,"href":"https:\/\/modasantonia.es\/ca\/wp-json\/wp\/v2\/pages\/1074\/revisions\/1075"}],"wp:attachment":[{"href":"https:\/\/modasantonia.es\/ca\/wp-json\/wp\/v2\/media?parent=1074"}],"curies":[{"name":"wp","href":"https:\/\/api.w.org\/{rel}","templated":true}]}}